{"id":2,"date":"2023-10-17T14:43:44","date_gmt":"2023-10-17T14:43:44","guid":{"rendered":"https:\/\/www.perhepalvelukeskus.fi\/?page_id=2"},"modified":"2026-04-17T11:50:58","modified_gmt":"2026-04-17T11:50:58","slug":"kotisataman-palvelut","status":"publish","type":"page","link":"https:\/\/www.perhepalvelukeskus.fi\/en\/kotisataman-palvelut\/","title":{"rendered":"Our Services"},"content":{"rendered":"<p>Our Perhepalvelukeskus service includes:<\/p>\n\n\n\n<ul class=\"wp-block-list\">\n<li>Kotisataman perhekuntoutus Sein\u00e4joen kuntoutus yksik\u00f6ss\u00e4 &amp; Kotisataman avoperhekuntoutus asiakkaan kotiin tuotettuna (max. 150 km Sein\u00e4joelta)<\/li>\n\n\n\n<li>Kotisataman vauvaperheiden perhekuntoutus Sein\u00e4joen yksik\u00f6ss\u00e4 (huom. meill\u00e4 ei ole ymp\u00e4rivuorokauden henkil\u00f6kunta paikalla, emme ole laitosyksikk\u00f6. Asiakkaalla on mahdollisuus asua ymp\u00e4rivuorokautisesti Kotisataman tiloissa mutta henkil\u00f6kunta ei ole paikalla ymp\u00e4rivuorokautisesti). Tarjoamme samaa palvelua my\u00f6s asiakkaan kotiin tuotettuna (max. 150 km Sein\u00e4joelta)<\/li>\n\n\n\n<li>Kotisataman palveluasuminen (tuettua asumista j\u00e4rjestet\u00e4\u00e4n henkil\u00f6ille jotka tarvitsevat tukea itsen\u00e4iseen asumiseen tai itsen\u00e4iseen asumiseen siirtymiseen)<\/li>\n\n\n\n<li>Working to end custody through family rehabilitation in the Kotisatama. The aim of this work is to reunite the family. <\/li>\n\n\n\n<li>Intensive family work in the Kotisatama<\/li>\n\n\n\n<li>Professional support person service at the Kotisatama <\/li>\n\n\n\n<li>Supported and supervised visiting services in the Sein\u00e4joki unit or in the client's home <\/li>\n<\/ul>\n\n\n\n<p>Perhepalvelukeskus Kotisatama on lastensuojelun avohuollon tukitoimin toimiva perhekuntoutusyksikk\u00f6. Perhepalvelukeskus Kotisataman kuntoutusyksik\u00f6ss\u00e4 henkil\u00f6kunta on paikalla arkisin noin klo 8 &#8211; 21 ja lauantaisin noin klo 9 &#8211; 17. <\/p>\n\n\n\n<p>Contact us and ask for more information by email at <\/p>\n\n\n\n<p>kotisatama@perhepalvelukeskus.fi <\/p>\n\n\n\n<p><strong>Vapaita perhekuntoutuspaikkoja l\u00f6ytyy t\u00e4ll\u00e4 hetkell\u00e4 kolmioista. <\/strong><\/p>\n\n\n\n<figure class=\"wp-block-image size-large\"><img loading=\"lazy\" decoding=\"async\" width=\"1024\" height=\"548\" src=\"https:\/\/www.perhepalvelukeskus.fi\/wp-content\/uploads\/2023\/10\/Kotisatama.Perhepalvelukeskus-1024x548.png\" alt=\"\" class=\"wp-image-98\" srcset=\"https:\/\/www.perhepalvelukeskus.fi\/wp-content\/uploads\/2023\/10\/Kotisatama.Perhepalvelukeskus-1024x548.png 1024w, https:\/\/www.perhepalvelukeskus.fi\/wp-content\/uploads\/2023\/10\/Kotisatama.Perhepalvelukeskus-300x160.png 300w, https:\/\/www.perhepalvelukeskus.fi\/wp-content\/uploads\/2023\/10\/Kotisatama.Perhepalvelukeskus-768x411.png 768w, https:\/\/www.perhepalvelukeskus.fi\/wp-content\/uploads\/2023\/10\/Kotisatama.Perhepalvelukeskus.png 1236w\" sizes=\"auto, (max-width: 1024px) 100vw, 1024px\" \/><\/figure>\n\n\n\n<figure class=\"wp-block-gallery has-nested-images columns-default is-cropped wp-block-gallery-1 is-layout-flex wp-block-gallery-is-layout-flex\">\n<figure class=\"wp-block-image size-large\"><img loading=\"lazy\" decoding=\"async\" width=\"1024\" height=\"683\" data-id=\"553\" src=\"https:\/\/www.perhepalvelukeskus.fi\/wp-content\/uploads\/2024\/08\/DSC_2283-1024x683.jpg\" alt=\"Perhekuntoutus Kotisatama\" class=\"wp-image-553\" srcset=\"https:\/\/www.perhepalvelukeskus.fi\/wp-content\/uploads\/2024\/08\/DSC_2283-1024x683.jpg 1024w, https:\/\/www.perhepalvelukeskus.fi\/wp-content\/uploads\/2024\/08\/DSC_2283-300x200.jpg 300w, https:\/\/www.perhepalvelukeskus.fi\/wp-content\/uploads\/2024\/08\/DSC_2283-768x512.jpg 768w, https:\/\/www.perhepalvelukeskus.fi\/wp-content\/uploads\/2024\/08\/DSC_2283-1536x1024.jpg 1536w, https:\/\/www.perhepalvelukeskus.fi\/wp-content\/uploads\/2024\/08\/DSC_2283.jpg 1620w\" sizes=\"auto, (max-width: 1024px) 100vw, 1024px\" \/><figcaption class=\"wp-element-caption\">Kotisatama team 06\/2024 <\/figcaption><\/figure>\n<\/figure>","protected":false},"excerpt":{"rendered":"<p>Perhepalvelukeskuksemme palvelutuotanto sis\u00e4lt\u00e4\u00e4 : Perhepalvelukeskus Kotisatama on lastensuojelun avohuollon tukitoimin toimiva perhekuntoutusyksikk\u00f6. Perhepalvelukeskus Kotisataman kuntoutusyksik\u00f6ss\u00e4 henkil\u00f6kunta on paikalla arkisin noin klo 8 &#8211; 21 ja lauantaisin noin klo 9 &#8211; 17. Ota meihin yhteytt\u00e4 ja kysy lis\u00e4\u00e4 s\u00e4hk\u00f6postitse osoitteesta kotisatama@perhepalvelukeskus.fi Vapaita perhekuntoutuspaikkoja l\u00f6ytyy t\u00e4ll\u00e4 hetkell\u00e4 kolmioista.<\/p>","protected":false},"author":1,"featured_media":0,"parent":0,"menu_order":0,"comment_status":"closed","ping_status":"closed","template":"","meta":{"site-sidebar-layout":"default","site-content-layout":"","ast-site-content-layout":"default","site-content-style":"default","site-sidebar-style":"default","ast-global-header-display":"","ast-banner-title-visibility":"","ast-main-header-display":"","ast-hfb-above-header-display":"","ast-hfb-below-header-display":"","ast-hfb-mobile-header-display":"","site-post-title":"","ast-breadcrumbs-content":"","ast-featured-img":"","footer-sml-layout":"","ast-disable-related-posts":"","theme-transparent-header-meta":"","adv-header-id-meta":"","stick-header-meta":"","header-above-stick-meta":"","header-main-stick-meta":"","header-below-stick-meta":"","astra-migrate-meta-layouts":"default","ast-page-background-enabled":"default","ast-page-background-meta":{"desktop":{"background-color":"var(--ast-global-color-4)","background-image":"","background-repeat":"repeat","background-position":"center center","background-size":"auto","background-attachment":"scroll","background-type":"","background-media":"","overlay-type":"","overlay-color":"","overlay-opacity":"","overlay-gradient":""},"tablet":{"background-color":"","background-image":"","background-repeat":"repeat","background-position":"center center","background-size":"auto","background-attachment":"scroll","background-type":"","background-media":"","overlay-type":"","overlay-color":"","overlay-opacity":"","overlay-gradient":""},"mobile":{"background-color":"","background-image":"","background-repeat":"repeat","background-position":"center center","background-size":"auto","background-attachment":"scroll","background-type":"","background-media":"","overlay-type":"","overlay-color":"","overlay-opacity":"","overlay-gradient":""}},"ast-content-background-meta":{"desktop":{"background-color":"var(--ast-global-color-5)","background-image":"","background-repeat":"repeat","background-position":"center center","background-size":"auto","background-attachment":"scroll","background-type":"","background-media":"","overlay-type":"","overlay-color":"","overlay-opacity":"","overlay-gradient":""},"tablet":{"background-color":"var(--ast-global-color-5)","background-image":"","background-repeat":"repeat","background-position":"center center","background-size":"auto","background-attachment":"scroll","background-type":"","background-media":"","overlay-type":"","overlay-color":"","overlay-opacity":"","overlay-gradient":""},"mobile":{"background-color":"var(--ast-global-color-5)","background-image":"","background-repeat":"repeat","background-position":"center center","background-size":"auto","background-attachment":"scroll","background-type":"","background-media":"","overlay-type":"","overlay-color":"","overlay-opacity":"","overlay-gradient":""}},"slim_seo":{"title":"Kotisataman palvelut - Perhepalvelukeskus Kotisatama Oy","description":"Perhepalvelukeskuksemme palvelutuotanto sis\u00e4lt\u00e4\u00e4 : Perhepalvelukeskus Kotisatama on lastensuojelun avohuollon tukitoimin toimiva perhekuntoutusyksikk\u00f6. Perhepal"},"footnotes":""},"class_list":["post-2","page","type-page","status-publish","hentry"],"_links":{"self":[{"href":"https:\/\/www.perhepalvelukeskus.fi\/en\/wp-json\/wp\/v2\/pages\/2","targetHints":{"allow":["GET"]}}],"collection":[{"href":"https:\/\/www.perhepalvelukeskus.fi\/en\/wp-json\/wp\/v2\/pages"}],"about":[{"href":"https:\/\/www.perhepalvelukeskus.fi\/en\/wp-json\/wp\/v2\/types\/page"}],"author":[{"embeddable":true,"href":"https:\/\/www.perhepalvelukeskus.fi\/en\/wp-json\/wp\/v2\/users\/1"}],"replies":[{"embeddable":true,"href":"https:\/\/www.perhepalvelukeskus.fi\/en\/wp-json\/wp\/v2\/comments?post=2"}],"version-history":[{"count":49,"href":"https:\/\/www.perhepalvelukeskus.fi\/en\/wp-json\/wp\/v2\/pages\/2\/revisions"}],"predecessor-version":[{"id":761,"href":"https:\/\/www.perhepalvelukeskus.fi\/en\/wp-json\/wp\/v2\/pages\/2\/revisions\/761"}],"wp:attachment":[{"href":"https:\/\/www.perhepalvelukeskus.fi\/en\/wp-json\/wp\/v2\/media?parent=2"}],"curies":[{"name":"wp","href":"https:\/\/api.w.org\/{rel}","templated":true}]}}