{"id":15,"date":"2023-10-17T12:17:44","date_gmt":"2023-10-17T12:17:44","guid":{"rendered":"https:\/\/www.perhepalvelukeskus.fi\/?page_id=15"},"modified":"2025-07-09T08:40:04","modified_gmt":"2025-07-09T08:40:04","slug":"ota-yhteytta","status":"publish","type":"page","link":"https:\/\/www.perhepalvelukeskus.fi\/en\/ota-yhteytta\/","title":{"rendered":"Contact us"},"content":{"rendered":"<p class=\"has-text-align-center\">Feel free to contact us, we'd love to hear from you!<\/p>\n\n\n\n<p class=\"has-text-align-center\">Kotisatama office 0403648119 (also whatsapp) kotisatama@perhepalvelukeskus.fi<\/p>\n\n\n\n<p class=\"has-text-align-center\">Kotisatama Sein\u00e4joki: Head of Unit, Sari Pitk\u00e4m\u00e4ki 0409132064 (also whatsapp) sari@perhepalvelukeskus.fi<\/p>\n\n\n\n<p class=\"has-text-align-center\">Perhepalvelukeskus Kotisatama Oy: managing director Mervi Haapoja, 0503734444 (also whatsapp) mervi@perhepalvelukeskus.fi<\/p>\n\n\n\n<p class=\"has-text-align-center\">Our address is Kniipinkuja 5 A 16, 60200 Sein\u00e4joki. <\/p>\n\n\n\n<p class=\"has-text-align-center\">We operate in a natural location, in the immediate vicinity of Lake Kyrk\u00f6sj\u00e4rvi, in Sein\u00e4joki's housing fair area, Pruukinranta, in a high-quality wooden apartment building called Tuohi in Sein\u00e4joki. The apartment building was built in 2018 using the heartwood method. <\/p>\n\n\n\n<p class=\"has-text-align-center\"><strong>Vapaita perhekuntoutuspaikkoja l\u00f6ytyy t\u00e4ll\u00e4 hetkell\u00e4 kolmioista. <\/strong><\/p>\n\n\n\n<p class=\"has-text-align-center\">www.perhepalvelukeskus.fi<\/p>\n\n\n\n<p class=\"has-text-align-center\">Service enquiries also by e-mail kotisatama@perhepalvelukeskus.fi<\/p>\n\n\n\n<h2 class=\"wp-block-heading has-text-align-center\">Verkkolaskutustiedot<\/h2>\n\n\n\n<p class=\"has-text-align-center\">Verkkolaskuosoite 003733937529<\/p>\n\n\n\n<p class=\"has-text-align-center\">Verkkolaskujen v\u00e4litt\u00e4j\u00e4 003708599126 (OpenText)<\/p>\n\n\n\n<figure class=\"wp-block-image aligncenter size-large\"><img loading=\"lazy\" decoding=\"async\" width=\"1024\" height=\"548\" src=\"https:\/\/www.perhepalvelukeskus.fi\/wp-content\/uploads\/2023\/10\/Kotisatama.Perhepalvelukeskus-1024x548.png\" alt=\"\" class=\"wp-image-98\" srcset=\"https:\/\/www.perhepalvelukeskus.fi\/wp-content\/uploads\/2023\/10\/Kotisatama.Perhepalvelukeskus-1024x548.png 1024w, https:\/\/www.perhepalvelukeskus.fi\/wp-content\/uploads\/2023\/10\/Kotisatama.Perhepalvelukeskus-300x160.png 300w, https:\/\/www.perhepalvelukeskus.fi\/wp-content\/uploads\/2023\/10\/Kotisatama.Perhepalvelukeskus-768x411.png 768w, https:\/\/www.perhepalvelukeskus.fi\/wp-content\/uploads\/2023\/10\/Kotisatama.Perhepalvelukeskus.png 1236w\" sizes=\"auto, (max-width: 1024px) 100vw, 1024px\" \/><\/figure>\n\n\n\n<figure class=\"wp-block-image alignwide size-large\"><img loading=\"lazy\" decoding=\"async\" width=\"759\" height=\"1024\" src=\"https:\/\/www.perhepalvelukeskus.fi\/wp-content\/uploads\/2023\/11\/IMG_8049-1-759x1024.jpeg\" alt=\"\" class=\"wp-image-228\" srcset=\"https:\/\/www.perhepalvelukeskus.fi\/wp-content\/uploads\/2023\/11\/IMG_8049-1-759x1024.jpeg 759w, https:\/\/www.perhepalvelukeskus.fi\/wp-content\/uploads\/2023\/11\/IMG_8049-1-222x300.jpeg 222w, https:\/\/www.perhepalvelukeskus.fi\/wp-content\/uploads\/2023\/11\/IMG_8049-1-768x1036.jpeg 768w, https:\/\/www.perhepalvelukeskus.fi\/wp-content\/uploads\/2023\/11\/IMG_8049-1-scaled.jpeg 1898w\" sizes=\"auto, (max-width: 759px) 100vw, 759px\" \/><\/figure>","protected":false},"excerpt":{"rendered":"<p>Ota rohkeasti meihin yhteytt\u00e4, kuulemme mielell\u00e4mme Sinusta! Kotisataman toimisto 0403648119 (my\u00f6s whatsapp) kotisatama@perhepalvelukeskus.fi Kotisatama Sein\u00e4joki: Yksik\u00f6n johtaja, Sari Pitk\u00e4m\u00e4ki 0409132064 (my\u00f6s whatsapp) sari@perhepalvelukeskus.fi Perhepalvelukeskus Kotisatama Oy: toimitusjohtaja Mervi Haapoja, 0503734444 (my\u00f6s whatsapp) mervi@perhepalvelukeskus.fi Osoitteemme on Kniipinkuja 5 A 16, 60200 Sein\u00e4joki. Toimimme luonnonl\u00e4heisell\u00e4 paikalla, Kyrk\u00f6sj\u00e4rven v\u00e4litt\u00f6m\u00e4ss\u00e4 l\u00e4heisyydess\u00e4 Sein\u00e4joen asuntomessualueella, Pruukinrannassa, Sein\u00e4joen Tuohi -nimisess\u00e4 laadukkaassa puukerrostalossa.&nbsp;Kerrostalo [&hellip;]<\/p>\n","protected":false},"author":1,"featured_media":0,"parent":0,"menu_order":0,"comment_status":"closed","ping_status":"closed","template":"","meta":{"site-sidebar-layout":"default","site-content-layout":"","ast-site-content-layout":"default","site-content-style":"default","site-sidebar-style":"default","ast-global-header-display":"","ast-banner-title-visibility":"","ast-main-header-display":"","ast-hfb-above-header-display":"","ast-hfb-below-header-display":"","ast-hfb-mobile-header-display":"","site-post-title":"","ast-breadcrumbs-content":"","ast-featured-img":"","footer-sml-layout":"","ast-disable-related-posts":"","theme-transparent-header-meta":"","adv-header-id-meta":"","stick-header-meta":"","header-above-stick-meta":"","header-main-stick-meta":"","header-below-stick-meta":"","astra-migrate-meta-layouts":"default","ast-page-background-enabled":"default","ast-page-background-meta":{"desktop":{"background-color":"var(--ast-global-color-4)","background-image":"","background-repeat":"repeat","background-position":"center center","background-size":"auto","background-attachment":"scroll","background-type":"","background-media":"","overlay-type":"","overlay-color":"","overlay-opacity":"","overlay-gradient":""},"tablet":{"background-color":"","background-image":"","background-repeat":"repeat","background-position":"center center","background-size":"auto","background-attachment":"scroll","background-type":"","background-media":"","overlay-type":"","overlay-color":"","overlay-opacity":"","overlay-gradient":""},"mobile":{"background-color":"","background-image":"","background-repeat":"repeat","background-position":"center center","background-size":"auto","background-attachment":"scroll","background-type":"","background-media":"","overlay-type":"","overlay-color":"","overlay-opacity":"","overlay-gradient":""}},"ast-content-background-meta":{"desktop":{"background-color":"var(--ast-global-color-5)","background-image":"","background-repeat":"repeat","background-position":"center center","background-size":"auto","background-attachment":"scroll","background-type":"","background-media":"","overlay-type":"","overlay-color":"","overlay-opacity":"","overlay-gradient":""},"tablet":{"background-color":"var(--ast-global-color-5)","background-image":"","background-repeat":"repeat","background-position":"center center","background-size":"auto","background-attachment":"scroll","background-type":"","background-media":"","overlay-type":"","overlay-color":"","overlay-opacity":"","overlay-gradient":""},"mobile":{"background-color":"var(--ast-global-color-5)","background-image":"","background-repeat":"repeat","background-position":"center center","background-size":"auto","background-attachment":"scroll","background-type":"","background-media":"","overlay-type":"","overlay-color":"","overlay-opacity":"","overlay-gradient":""}},"slim_seo":{"title":"Ota yhteytt\u00e4 - Perhepalvelukeskus Kotisatama Oy","description":"Ota rohkeasti meihin yhteytt\u00e4, kuulemme mielell\u00e4mme Sinusta! Kotisataman toimisto 0403648119 (my\u00f6s whatsapp) kotisatama@perhepalvelukeskus.fi Kotisatama Sein\u00e4jo"},"footnotes":""},"class_list":["post-15","page","type-page","status-publish","hentry"],"_links":{"self":[{"href":"https:\/\/www.perhepalvelukeskus.fi\/en\/wp-json\/wp\/v2\/pages\/15","targetHints":{"allow":["GET"]}}],"collection":[{"href":"https:\/\/www.perhepalvelukeskus.fi\/en\/wp-json\/wp\/v2\/pages"}],"about":[{"href":"https:\/\/www.perhepalvelukeskus.fi\/en\/wp-json\/wp\/v2\/types\/page"}],"author":[{"embeddable":true,"href":"https:\/\/www.perhepalvelukeskus.fi\/en\/wp-json\/wp\/v2\/users\/1"}],"replies":[{"embeddable":true,"href":"https:\/\/www.perhepalvelukeskus.fi\/en\/wp-json\/wp\/v2\/comments?post=15"}],"version-history":[{"count":38,"href":"https:\/\/www.perhepalvelukeskus.fi\/en\/wp-json\/wp\/v2\/pages\/15\/revisions"}],"predecessor-version":[{"id":698,"href":"https:\/\/www.perhepalvelukeskus.fi\/en\/wp-json\/wp\/v2\/pages\/15\/revisions\/698"}],"wp:attachment":[{"href":"https:\/\/www.perhepalvelukeskus.fi\/en\/wp-json\/wp\/v2\/media?parent=15"}],"curies":[{"name":"wp","href":"https:\/\/api.w.org\/{rel}","templated":true}]}}