{"id":14,"date":"2023-10-17T12:17:44","date_gmt":"2023-10-17T12:17:44","guid":{"rendered":"https:\/\/www.perhepalvelukeskus.fi\/?page_id=14"},"modified":"2024-10-06T16:19:17","modified_gmt":"2024-10-06T16:19:17","slug":"tietoja","status":"publish","type":"page","link":"https:\/\/www.perhepalvelukeskus.fi\/en\/tietoja\/","title":{"rendered":"Our vision"},"content":{"rendered":"<p>We want to be a safe haven (Kotisatama) for the family rehabilitation client where they can safely unload any unnecessary weight that may slow down their travel. We want to be a safe haven where they can sail away from the storms of life - even when they are very young.  <\/p>\n\n\n\n<p>Our aim is that during family rehabilitation, clients can fill their reservoirs with the resources they need to navigate the waves of life independently again, and together they can move forward smoothly. <\/p>\n\n\n\n<p>For us, professionalism is proven everyday quality work, carried out with a therapeutic and trauma-informed approach. The director of our unit has almost two decades of experience in the child protection sector, including about 10 years in family work and family rehabilitation. <\/p>\n\n\n\n<p>A therapeutic and trauma-informed encounter in all our everyday work with clients is the cornerstone of our quality. In our work, we take into account the holistic needs of our clients; physical, psychological and social.<\/p>\n\n\n\n<p>The client is at the heart of everything we do, every member of the family. We want to offer the client a genuine, caring and warm rehabilitation experience. With professionalism and heart. <\/p>\n\n\n\n<p>Perhepalvelukeskus Kotisatama's ambition is to be a reliable and desired partner among service buyers. <\/p>\n\n\n\n<p>We also want to make the area in which we provide our services a more pleasant place in which to live and work. <\/p>\n\n\n\n<p>Our aim is to be the best possible place to work for our employees, because we value them highly. We want to lead the work by being involved in the day-to-day running of the business. We are a local &amp; entrepreneur-driven company that is 100% Finnish.<\/p>\n\n\n\n<figure class=\"wp-block-image aligncenter size-large\"><img loading=\"lazy\" decoding=\"async\" width=\"1024\" height=\"548\" src=\"https:\/\/www.perhepalvelukeskus.fi\/wp-content\/uploads\/2023\/10\/Kotisatama.Perhepalvelukeskus-1024x548.png\" alt=\"\" class=\"wp-image-98\" srcset=\"https:\/\/www.perhepalvelukeskus.fi\/wp-content\/uploads\/2023\/10\/Kotisatama.Perhepalvelukeskus-1024x548.png 1024w, https:\/\/www.perhepalvelukeskus.fi\/wp-content\/uploads\/2023\/10\/Kotisatama.Perhepalvelukeskus-300x160.png 300w, https:\/\/www.perhepalvelukeskus.fi\/wp-content\/uploads\/2023\/10\/Kotisatama.Perhepalvelukeskus-768x411.png 768w, https:\/\/www.perhepalvelukeskus.fi\/wp-content\/uploads\/2023\/10\/Kotisatama.Perhepalvelukeskus.png 1236w\" sizes=\"auto, (max-width: 1024px) 100vw, 1024px\" \/><\/figure>\n\n\n\n<figure class=\"wp-block-gallery aligncenter has-nested-images columns-default is-cropped wp-block-gallery-1 is-layout-flex wp-block-gallery-is-layout-flex\">\n<figure class=\"wp-block-image size-full\"><img loading=\"lazy\" decoding=\"async\" width=\"1080\" height=\"1620\" data-id=\"551\" src=\"https:\/\/www.perhepalvelukeskus.fi\/wp-content\/uploads\/2024\/08\/DSC_2261.jpg\" alt=\"\" class=\"wp-image-551\" srcset=\"https:\/\/www.perhepalvelukeskus.fi\/wp-content\/uploads\/2024\/08\/DSC_2261.jpg 1080w, https:\/\/www.perhepalvelukeskus.fi\/wp-content\/uploads\/2024\/08\/DSC_2261-200x300.jpg 200w, https:\/\/www.perhepalvelukeskus.fi\/wp-content\/uploads\/2024\/08\/DSC_2261-683x1024.jpg 683w, https:\/\/www.perhepalvelukeskus.fi\/wp-content\/uploads\/2024\/08\/DSC_2261-768x1152.jpg 768w, https:\/\/www.perhepalvelukeskus.fi\/wp-content\/uploads\/2024\/08\/DSC_2261-1024x1536.jpg 1024w\" sizes=\"auto, (max-width: 1080px) 100vw, 1080px\" \/><\/figure>\n\n\n\n<figure class=\"wp-block-image size-full\"><img loading=\"lazy\" decoding=\"async\" width=\"1620\" height=\"1080\" data-id=\"553\" src=\"https:\/\/www.perhepalvelukeskus.fi\/wp-content\/uploads\/2024\/08\/DSC_2283.jpg\" alt=\"Perhekuntoutus Kotisatama\" class=\"wp-image-553\" srcset=\"https:\/\/www.perhepalvelukeskus.fi\/wp-content\/uploads\/2024\/08\/DSC_2283.jpg 1620w, https:\/\/www.perhepalvelukeskus.fi\/wp-content\/uploads\/2024\/08\/DSC_2283-300x200.jpg 300w, https:\/\/www.perhepalvelukeskus.fi\/wp-content\/uploads\/2024\/08\/DSC_2283-1024x683.jpg 1024w, https:\/\/www.perhepalvelukeskus.fi\/wp-content\/uploads\/2024\/08\/DSC_2283-768x512.jpg 768w, https:\/\/www.perhepalvelukeskus.fi\/wp-content\/uploads\/2024\/08\/DSC_2283-1536x1024.jpg 1536w\" sizes=\"auto, (max-width: 1620px) 100vw, 1620px\" \/><figcaption class=\"wp-element-caption\">Kotisatama team 06\/2024 <\/figcaption><\/figure>\n\n\n\n<figure class=\"wp-block-image size-full\"><img loading=\"lazy\" decoding=\"async\" width=\"1620\" height=\"1080\" data-id=\"555\" src=\"https:\/\/www.perhepalvelukeskus.fi\/wp-content\/uploads\/2024\/08\/DSC_2340.jpg\" alt=\"\" class=\"wp-image-555\" srcset=\"https:\/\/www.perhepalvelukeskus.fi\/wp-content\/uploads\/2024\/08\/DSC_2340.jpg 1620w, https:\/\/www.perhepalvelukeskus.fi\/wp-content\/uploads\/2024\/08\/DSC_2340-300x200.jpg 300w, https:\/\/www.perhepalvelukeskus.fi\/wp-content\/uploads\/2024\/08\/DSC_2340-1024x683.jpg 1024w, https:\/\/www.perhepalvelukeskus.fi\/wp-content\/uploads\/2024\/08\/DSC_2340-768x512.jpg 768w, https:\/\/www.perhepalvelukeskus.fi\/wp-content\/uploads\/2024\/08\/DSC_2340-1536x1024.jpg 1536w\" sizes=\"auto, (max-width: 1620px) 100vw, 1620px\" \/><\/figure>\n\n\n\n<figure class=\"wp-block-image size-full\"><img loading=\"lazy\" decoding=\"async\" width=\"1620\" height=\"1080\" data-id=\"554\" src=\"https:\/\/www.perhepalvelukeskus.fi\/wp-content\/uploads\/2024\/08\/DSC_2295.jpg\" alt=\"\" class=\"wp-image-554\" srcset=\"https:\/\/www.perhepalvelukeskus.fi\/wp-content\/uploads\/2024\/08\/DSC_2295.jpg 1620w, https:\/\/www.perhepalvelukeskus.fi\/wp-content\/uploads\/2024\/08\/DSC_2295-300x200.jpg 300w, https:\/\/www.perhepalvelukeskus.fi\/wp-content\/uploads\/2024\/08\/DSC_2295-1024x683.jpg 1024w, https:\/\/www.perhepalvelukeskus.fi\/wp-content\/uploads\/2024\/08\/DSC_2295-768x512.jpg 768w, https:\/\/www.perhepalvelukeskus.fi\/wp-content\/uploads\/2024\/08\/DSC_2295-1536x1024.jpg 1536w\" sizes=\"auto, (max-width: 1620px) 100vw, 1620px\" \/><\/figure>\n<\/figure>","protected":false},"excerpt":{"rendered":"<p>Tahdomme olla perhekuntoutus asiakkaalle Kotisatama jossa asiakas voi turvalisesti purkaa purrestaan turhaa kuormaa joka saattaa hidastaa matkantekoa. Tahdomme olla suojasatama jonka turviin voi purjehtia el\u00e4m\u00e4n myrskyist\u00e4 suojaan &#8211; vaikka jo ihan pienen\u00e4. Tavoitteemme on, ett\u00e4 perhekuntoutuksen aikana asiakkaat voivat t\u00e4ytt\u00e4\u00e4 voimavaravarastonsa ev\u00e4ill\u00e4 joilla itsen\u00e4inen purjehtiminen el\u00e4m\u00e4n aallokossa taas sujuu yhdess\u00e4 hienosti eteenp\u00e4in. Meill\u00e4 ammatillisuus on [&hellip;]<\/p>\n","protected":false},"author":1,"featured_media":0,"parent":0,"menu_order":0,"comment_status":"closed","ping_status":"closed","template":"","meta":{"site-sidebar-layout":"default","site-content-layout":"","ast-site-content-layout":"default","site-content-style":"default","site-sidebar-style":"default","ast-global-header-display":"","ast-banner-title-visibility":"","ast-main-header-display":"","ast-hfb-above-header-display":"","ast-hfb-below-header-display":"","ast-hfb-mobile-header-display":"","site-post-title":"","ast-breadcrumbs-content":"","ast-featured-img":"","footer-sml-layout":"","ast-disable-related-posts":"","theme-transparent-header-meta":"","adv-header-id-meta":"","stick-header-meta":"","header-above-stick-meta":"","header-main-stick-meta":"","header-below-stick-meta":"","astra-migrate-meta-layouts":"default","ast-page-background-enabled":"default","ast-page-background-meta":{"desktop":{"background-color":"var(--ast-global-color-4)","background-image":"","background-repeat":"repeat","background-position":"center center","background-size":"auto","background-attachment":"scroll","background-type":"","background-media":"","overlay-type":"","overlay-color":"","overlay-opacity":"","overlay-gradient":""},"tablet":{"background-color":"","background-image":"","background-repeat":"repeat","background-position":"center center","background-size":"auto","background-attachment":"scroll","background-type":"","background-media":"","overlay-type":"","overlay-color":"","overlay-opacity":"","overlay-gradient":""},"mobile":{"background-color":"","background-image":"","background-repeat":"repeat","background-position":"center center","background-size":"auto","background-attachment":"scroll","background-type":"","background-media":"","overlay-type":"","overlay-color":"","overlay-opacity":"","overlay-gradient":""}},"ast-content-background-meta":{"desktop":{"background-color":"var(--ast-global-color-5)","background-image":"","background-repeat":"repeat","background-position":"center center","background-size":"auto","background-attachment":"scroll","background-type":"","background-media":"","overlay-type":"","overlay-color":"","overlay-opacity":"","overlay-gradient":""},"tablet":{"background-color":"var(--ast-global-color-5)","background-image":"","background-repeat":"repeat","background-position":"center center","background-size":"auto","background-attachment":"scroll","background-type":"","background-media":"","overlay-type":"","overlay-color":"","overlay-opacity":"","overlay-gradient":""},"mobile":{"background-color":"var(--ast-global-color-5)","background-image":"","background-repeat":"repeat","background-position":"center center","background-size":"auto","background-attachment":"scroll","background-type":"","background-media":"","overlay-type":"","overlay-color":"","overlay-opacity":"","overlay-gradient":""}},"slim_seo":{"title":"Visiomme - Perhepalvelukeskus Kotisatama Oy","description":"Tahdomme olla perhekuntoutus asiakkaalle Kotisatama jossa asiakas voi turvalisesti purkaa purrestaan turhaa kuormaa joka saattaa hidastaa matkantekoa. Tahdomme"},"footnotes":""},"class_list":["post-14","page","type-page","status-publish","hentry"],"_links":{"self":[{"href":"https:\/\/www.perhepalvelukeskus.fi\/en\/wp-json\/wp\/v2\/pages\/14","targetHints":{"allow":["GET"]}}],"collection":[{"href":"https:\/\/www.perhepalvelukeskus.fi\/en\/wp-json\/wp\/v2\/pages"}],"about":[{"href":"https:\/\/www.perhepalvelukeskus.fi\/en\/wp-json\/wp\/v2\/types\/page"}],"author":[{"embeddable":true,"href":"https:\/\/www.perhepalvelukeskus.fi\/en\/wp-json\/wp\/v2\/users\/1"}],"replies":[{"embeddable":true,"href":"https:\/\/www.perhepalvelukeskus.fi\/en\/wp-json\/wp\/v2\/comments?post=14"}],"version-history":[{"count":38,"href":"https:\/\/www.perhepalvelukeskus.fi\/en\/wp-json\/wp\/v2\/pages\/14\/revisions"}],"predecessor-version":[{"id":605,"href":"https:\/\/www.perhepalvelukeskus.fi\/en\/wp-json\/wp\/v2\/pages\/14\/revisions\/605"}],"wp:attachment":[{"href":"https:\/\/www.perhepalvelukeskus.fi\/en\/wp-json\/wp\/v2\/media?parent=14"}],"curies":[{"name":"wp","href":"https:\/\/api.w.org\/{rel}","templated":true}]}}