{"id":13,"date":"2023-10-17T12:17:44","date_gmt":"2023-10-17T12:17:44","guid":{"rendered":"https:\/\/www.perhepalvelukeskus.fi\/?page_id=13"},"modified":"2026-04-17T11:48:38","modified_gmt":"2026-04-17T11:48:38","slug":"luo-sivustosi-lohkoilla","status":"publish","type":"page","link":"https:\/\/www.perhepalvelukeskus.fi\/en\/","title":{"rendered":"Perhepalvelukeskus Kotisatama Oy"},"content":{"rendered":"<p class=\"has-text-align-center\">Perhekuntoutuksessa tarjotaan terapeuttista kuntouttavaa toimintaa koko perheelle suunnitellusti ja tavoitteellisesti. Sen tavoitteena on lasten kasvuolosuhteiden turvaaminen, vanhempien tukeminen kasvatusteht\u00e4v\u00e4ss\u00e4 ja perheen omien voimavarojen vahvistaminen. Perhekuntoutuksessa toteutuu my\u00f6s perheenj\u00e4senten v\u00e4lisen vuorovaikutuksen tukeminen erilaisin toiminnallisin menetelmin, arjen taitojen harjoittelu ja s\u00e4\u00e4nn\u00f6llisen p\u00e4iv\u00e4rytmin vakiinnuttaminen. N\u00e4m\u00e4 kaikki ovat koko perheen kuntoutuksen kulmakivi\u00e4.<\/p>\n\n\n\n<p class=\"has-text-align-center\">Feel free to contact us at 0403648119, Kotisatama office (also whatsapp) kotisatama@perhepalvelukeskus.fi <\/p>\n\n\n\n<p class=\"has-text-align-center\"><strong>Vapaita perhekuntoutuspaikkoja l\u00f6ytyy t\u00e4ll\u00e4 hetkell\u00e4 kolmioista.<\/strong> <\/p>\n\n\n\n<p class=\"has-text-align-center\">Kurkkaa lis\u00e4tietoja &amp; videoita ja kuvia Youtube kanavaltamme <a href=\"https:\/\/www.youtube.com\/@PerhepalvelukeskusKotisatama\" title=\"\">https:\/\/www.youtube.com\/@PerhepalvelukeskusKotisatama<\/a><\/p>\n\n\n\n<p class=\"has-text-align-center\">www.perhepalvelukeskus.fi<\/p>\n\n\n\n<h1 class=\"wp-block-heading alignwide has-text-align-center has-text-align-wide has-gigantic-font-size\" style=\"line-height:1.1\">\"  For the best for families, with professionalism and heart \" <\/h1>\n\n\n\n<p><\/p>\n\n\n\n<div class=\"wp-block-columns is-layout-flex wp-container-core-columns-is-layout-28f84493 wp-block-columns-is-layout-flex\">\n<div class=\"wp-block-column is-layout-flow wp-block-column-is-layout-flow\">\n<figure class=\"wp-block-image size-full\"><img loading=\"lazy\" decoding=\"async\" width=\"2560\" height=\"2560\" src=\"https:\/\/www.perhepalvelukeskus.fi\/wp-content\/uploads\/2023\/11\/IMG_1514-edited-scaled.jpeg\" alt=\"\" class=\"wp-image-242\" srcset=\"https:\/\/www.perhepalvelukeskus.fi\/wp-content\/uploads\/2023\/11\/IMG_1514-edited-scaled.jpeg 2560w, https:\/\/www.perhepalvelukeskus.fi\/wp-content\/uploads\/2023\/11\/IMG_1514-edited-300x300.jpeg 300w, https:\/\/www.perhepalvelukeskus.fi\/wp-content\/uploads\/2023\/11\/IMG_1514-edited-1024x1024.jpeg 1024w, https:\/\/www.perhepalvelukeskus.fi\/wp-content\/uploads\/2023\/11\/IMG_1514-edited-150x150.jpeg 150w, https:\/\/www.perhepalvelukeskus.fi\/wp-content\/uploads\/2023\/11\/IMG_1514-edited-768x768.jpeg 768w, https:\/\/www.perhepalvelukeskus.fi\/wp-content\/uploads\/2023\/11\/IMG_1514-edited-1536x1536.jpeg 1536w, https:\/\/www.perhepalvelukeskus.fi\/wp-content\/uploads\/2023\/11\/IMG_1514-edited-2048x2048.jpeg 2048w\" sizes=\"auto, (max-width: 2560px) 100vw, 2560px\" \/><\/figure>\n<\/div>\n\n\n\n<div class=\"wp-block-column is-layout-flow wp-block-column-is-layout-flow\">\n<figure class=\"wp-block-image alignwide size-large\"><img loading=\"lazy\" decoding=\"async\" width=\"2560\" height=\"2560\" src=\"https:\/\/www.perhepalvelukeskus.fi\/wp-content\/uploads\/2023\/11\/IMG_5506-edited-scaled.jpg\" alt=\"\" class=\"wp-image-240\" srcset=\"https:\/\/www.perhepalvelukeskus.fi\/wp-content\/uploads\/2023\/11\/IMG_5506-edited-scaled.jpg 2560w, https:\/\/www.perhepalvelukeskus.fi\/wp-content\/uploads\/2023\/11\/IMG_5506-edited-300x300.jpg 300w, https:\/\/www.perhepalvelukeskus.fi\/wp-content\/uploads\/2023\/11\/IMG_5506-edited-1024x1024.jpg 1024w, https:\/\/www.perhepalvelukeskus.fi\/wp-content\/uploads\/2023\/11\/IMG_5506-edited-150x150.jpg 150w, https:\/\/www.perhepalvelukeskus.fi\/wp-content\/uploads\/2023\/11\/IMG_5506-edited-768x768.jpg 768w, https:\/\/www.perhepalvelukeskus.fi\/wp-content\/uploads\/2023\/11\/IMG_5506-edited-1536x1536.jpg 1536w, https:\/\/www.perhepalvelukeskus.fi\/wp-content\/uploads\/2023\/11\/IMG_5506-edited-2048x2048.jpg 2048w\" sizes=\"auto, (max-width: 2560px) 100vw, 2560px\" \/><\/figure>\n<\/div>\n\n\n\n<div class=\"wp-block-column is-layout-flow wp-block-column-is-layout-flow\">\n<figure class=\"wp-block-image size-large\"><img loading=\"lazy\" decoding=\"async\" width=\"2560\" height=\"2560\" src=\"https:\/\/www.perhepalvelukeskus.fi\/wp-content\/uploads\/2023\/11\/FullSizeRender-36-1-edited-scaled.jpg\" alt=\"\" class=\"wp-image-241\" srcset=\"https:\/\/www.perhepalvelukeskus.fi\/wp-content\/uploads\/2023\/11\/FullSizeRender-36-1-edited-scaled.jpg 2560w, https:\/\/www.perhepalvelukeskus.fi\/wp-content\/uploads\/2023\/11\/FullSizeRender-36-1-edited-300x300.jpg 300w, https:\/\/www.perhepalvelukeskus.fi\/wp-content\/uploads\/2023\/11\/FullSizeRender-36-1-edited-1024x1024.jpg 1024w, https:\/\/www.perhepalvelukeskus.fi\/wp-content\/uploads\/2023\/11\/FullSizeRender-36-1-edited-150x150.jpg 150w, https:\/\/www.perhepalvelukeskus.fi\/wp-content\/uploads\/2023\/11\/FullSizeRender-36-1-edited-768x768.jpg 768w, https:\/\/www.perhepalvelukeskus.fi\/wp-content\/uploads\/2023\/11\/FullSizeRender-36-1-edited-1536x1536.jpg 1536w, https:\/\/www.perhepalvelukeskus.fi\/wp-content\/uploads\/2023\/11\/FullSizeRender-36-1-edited-2048x2048.jpg 2048w\" sizes=\"auto, (max-width: 2560px) 100vw, 2560px\" \/><\/figure>\n<\/div>\n<\/div>\n\n\n\n<div style=\"height:auto;width:1343px\" aria-hidden=\"true\" class=\"wp-block-spacer\"><\/div>\n\n\n\n<div class=\"wp-block-columns alignwide are-vertically-aligned-top is-layout-flex wp-container-core-columns-is-layout-28f84493 wp-block-columns-is-layout-flex\">\n<div class=\"wp-block-column is-vertically-aligned-top is-layout-flow wp-block-column-is-layout-flow\">\n<h3 class=\"wp-block-heading has-text-align-left has-ast-global-color-5-color has-pale-pink-background-color has-text-color has-background has-link-color wp-elements-fe433461153e399f55858931e8ffcbe3\">What is family rehabilitation in Kotisatama? <\/h3>\n\n\n\n<p>Family rehabilitation means using professional support to help the family to rehabilitate and feel better.<\/p>\n\n\n\n<p>The Kotisatama Perhepalvelukeskus (Family Service Centre) offers families access to a wide range of family rehabilitation services. Family rehabilitation takes into account each member of the family, strengthening the physical, psychological and social resources and strengths of the individual and the family as a whole. <\/p>\n\n\n\n<p>The aim of family rehabilitation provided through child protection out-of-home care is to ensure the growth and development of the child, support and strengthen parents in their child-rearing role and strengthen the family's own resources. <\/p>\n\n\n\n<p>Family rehabilitation provides rehabilitative activities for the whole family in a planned, goal-oriented and, for us in particular, therapeutic and trauma-informed way. <\/p>\n\n\n\n<p>The Kotisatama Perhepalvelukeskus offers high-quality professional family rehabilitation. Rehabilitation for holistic well-being can include. <\/p>\n\n\n\n<ul class=\"wp-block-list\">\n<li>Timely and participatory guidance of everyday activities<\/li>\n\n\n\n<li>Multifaceted therapeutic work in everyday life<\/li>\n\n\n\n<li>Parenting discussions<\/li>\n\n\n\n<li>Working with coaches<\/li>\n\n\n\n<li>Networking<\/li>\n\n\n\n<li>Support for attachment and interaction<\/li>\n\n\n\n<li>Assessing and redefining family dynamics<\/li>\n\n\n\n<li>Addiction work<\/li>\n\n\n\n<li>Financial management control<\/li>\n\n\n\n<li>Multi-methodswork tailored to your needs <\/li>\n\n\n\n<li>Family reunification through rehabilitation<\/li>\n<\/ul>\n\n\n\n<p>Support for interaction between family members is provided through a variety of functional methods. Practising everyday skills and establishing a regular daily rhythm are also cornerstones of rehabilitation for the whole family.<\/p>\n\n\n\n<p>Family rehabilitation is offered in Sein\u00e4joki, in the Kotisatama unit of the Perhepalvelukeskus, in an apartment furnished according to the family's needs and for the family's own use only, or alternatively as outpatient rehabilitation in the family's own home. Perhepalvelukeskus Kotisatama helps with transport between the family rehabilitation home and your own home. <\/p>\n\n\n\n<p>Perhepalvelukeskus Kotisatama on lastensuojelun avohuollon tukitoimin toimiva perhekuntoutusyksikk\u00f6. Perhepalvelukeskus Kotisataman kuntoutusyksik\u00f6ss\u00e4 henkil\u00f6kunta on paikalla arkisin noin klo 8 &#8211; 21 ja lauantaisin noin klo 9 &#8211; 17.<\/p>\n\n\n\n<p>Feel free to contact us and come and see our apartments and services. The family rehabilitation service pathway is always tailored in a client plan meeting with the social worker and the family. All our activities with the family are participatory and goal-oriented, based on constructive collaboration.<\/p>\n\n\n\n<p>Family rehabilitation is free of charge for the client and the family can apply for rehabilitation support from Kela. We have apartments where you can also bring your own pets with you during the family rehabilitation period. We also have allergy-friendly apartments. <\/p>\n\n\n\n<p><strong>Vapaita perhekuntoutuspaikkoja l\u00f6ytyy t\u00e4ll\u00e4 hetkell\u00e4 kolmioista. <\/strong><\/p>\n<\/div>\n\n\n\n<div class=\"wp-block-column is-vertically-aligned-top is-layout-flow wp-block-column-is-layout-flow\">\n<h3 class=\"wp-block-heading has-ast-global-color-5-color has-pale-pink-background-color has-text-color has-background has-link-color wp-elements-cf8d0dc3344bd6ba02f39c9709ab236f\">Kotisataman perhekuntoutus vauvaperheelle<\/h3>\n\n\n\n<p>Perhepalvelukeskus Kotisataman tarjoama perhekuntoutus vauvaperheille tukee monimuotoisin kuntoutuksen keinoin perheit\u00e4 vanhemmuudessa ja el\u00e4m\u00e4nhallinnassa.<\/p>\n\n\n\n<p>Palvelua voidaan tarjota perheelle, johon on syntym\u00e4ss\u00e4 tai on jo syntynyt vauva. Ty\u00f6skentelyn aikana kartoitetaan perheen koko el\u00e4m\u00e4ntilanne kokonaisvaltaisesti. Pyrimme vahvistamaan niit\u00e4 asioita, jotka ovat perheen voimavaroja ja korjaamaan haavoittuvuuksia.<\/p>\n\n\n\n<p>Kotisatamassa tuetaan paljon vauvan ja vanhemman hyv\u00e4n vuorovaikutussuhteen syntymist\u00e4 ja vahvistumista. Kokonaisvaltainen perheen hyvinvointi huomioon ottaen opetellaan vauvantahtista arkiel\u00e4m\u00e4\u00e4 ja vauvanhoitoa sek\u00e4 arjesta selviytymista pieni askel kerrallaan.<\/p>\n\n\n\n<p>The development and strengthening of social relationships, such as good sibling relations, is also supported. A structured weekly routine brings security and stability to the family's daily life.<\/p>\n\n\n\n<p>Ammatillisia tukitoimia Kotisataman vauvaperheiden perhekuntoutusjaksolla ovat mm.<\/p>\n\n\n\n<ul class=\"wp-block-list\">\n<li>Preparing for parenthood during pregnancy<\/li>\n\n\n\n<li>Support person service for childbirth<\/li>\n\n\n\n<li>Timely and participatory guidance of everyday activities<\/li>\n\n\n\n<li>Identifying, strengthening and supporting early attachment and interaction (e.g. working with HoiLei)<\/li>\n\n\n\n<li>Supporting the overall well-being of the parent<\/li>\n\n\n\n<li>Multifaceted therapeutic work in everyday life<\/li>\n\n\n\n<li>Parenting discussions, sibling and family moments<\/li>\n\n\n\n<li>Enabling parental rest<\/li>\n\n\n\n<li>Tailored forms of support for expectant parents<\/li>\n\n\n\n<li>Addiction mapping<\/li>\n\n\n\n<li>Financial management<\/li>\n\n\n\n<li>Increasing mentalisation skills<\/li>\n\n\n\n<li>Practical care modelling with different exercises<\/li>\n\n\n\n<li>Breastfeeding support<\/li>\n\n\n\n<li>Multi-method work<\/li>\n\n\n\n<li>Networking<\/li>\n<\/ul>\n\n\n\n<p>Kotisataman vauvaperheiden perhekuntoutus Sein\u00e4joen yksik\u00f6ss\u00e4 ei sis\u00e4ll\u00e4 ymp\u00e4rivuorokautista laitosyksikk\u00f6palvelua vaan henkil\u00f6kunta on paikalla arkisin 8 &#8211; 21 ja lauantaisin 9 &#8211; 17. Asiakkaalla on mahdollisuus asua ymp\u00e4rivuorokautisesti Kotisataman tiloissa mutta henkil\u00f6kunta ei ole paikalla ymp\u00e4rivuorokautisesti.<\/p>\n\n\n\n<p><br><strong>Milloin olisi hyv\u00e4 tulla?<\/strong><\/p>\n\n\n\n<p>Kuntoutukseen voi tulla mielell\u00e4\u00e4n jo odotusaikana tai pienen vauvan kanssa. Koko perhe on tervetullut mik\u00e4li se on teille mahdollista. Perhe asuu yksik\u00f6ss\u00e4, kauniisti kalustetussa, eritt\u00e4in mukavassa -ikiomassa &amp; yksityisess\u00e4 &#8211; kuntoutuskodissa, yksi\u00f6ss\u00e4, kaksiossa tai kolmiossa.<\/p>\n\n\n\n<p>Asumisaika eli kuntoutusjakson kesto sovitaan aina perheen tarpeiden mukaan yhdess\u00e4 sosiaality\u00f6ntekij\u00e4n kanssa. Perhepalvelukeskus Kotisatama auttaa kuljetuksissa perhekuntoutuksen kuntoutuskodin ja oman kodin v\u00e4lill\u00e4.<\/p>\n\n\n\n<p>Mik\u00e4li koet, ett\u00e4 haluaisit kuulla lis\u00e4\u00e4\u00e4 niin voit ottaa yhteytt\u00e4 meihin tai oman hyvinvointialueesi lastensuojelun sosiaality\u00f6ntekij\u00e4\u00e4n. Sosiaality\u00f6n kanssa hyv\u00e4ss\u00e4 yhteysty\u00f6ss\u00e4 toimien teid\u00e4n perheellenne tarjotaan Kotisatamassa parasta mahdollista tukea ja apua.<\/p>\n\n\n\n<p>Vauva saa turvallisen kasvuymp\u00e4rist\u00f6n, hyv\u00e4n hoidon ja koko perhe saa varmasti ensiluokkaisen kokonaisvaltaisen huolenpidon.<\/p>\n\n\n\n<p>The first moments with a baby can be a mixture of many different emotions, different life situations, fatigue, past life and the future can be exciting. Every family is different, each with its own story, and all of us need help and support at some point. <\/p>\n\n\n\n<p>Kotisatamasta l\u00e4hdetty\u00e4\u00e4nkin meill\u00e4 asunut perhe voi saada tukea itsen\u00e4isess\u00e4 el\u00e4m\u00e4ss\u00e4 meid\u00e4n henkil\u00f6kunnaltamme, perheen omaan kotiin tuotettuna avopalveluna. <\/p>\n\n\n\n<p>Tule rohkeasti tutustumaan palveluihimme ja viihtyisiin asuntoihimme, kerromme mielell\u00e4mme lis\u00e4\u00e4 ty\u00f6st\u00e4mme.<\/p>\n<\/div>\n\n\n\n<div class=\"wp-block-column is-vertically-aligned-top is-layout-flow wp-block-column-is-layout-flow\">\n<h3 class=\"wp-block-heading has-ast-global-color-5-color has-pale-pink-background-color has-text-color has-background has-link-color wp-elements-d1326336e91d9522b6954b9d8c3416e0\">Our diverse social services<\/h3>\n\n\n\n<p>Our Perhepalvelukeskus service includes:<\/p>\n\n\n\n<ul class=\"wp-block-list\">\n<li>Kotisataman perhekuntoutus Sein\u00e4joen kuntoutus yksik\u00f6ss\u00e4 &amp; Kotisataman avoperhekuntoutus asiakkaan kotiin (max. 150 km Sein\u00e4joelta)<\/li>\n\n\n\n<li>Kotisataman vauvaperheiden perhekuntoutus Sein\u00e4joen yksik\u00f6ss\u00e4 (huom. meill\u00e4 ei ole ymp\u00e4rivuorokauden henkil\u00f6kunta paikalla, emme ole laitosyksikk\u00f6. Asiakkaalla on mahdollisuus asua ymp\u00e4rivuorokautisesti Kotisataman tiloissa mutta henkil\u00f6kunta ei ole paikalla ymp\u00e4rivuorokautisesti). Kotisataman vauvaperheiden perhekuntoutus kotiin tuotettuna (max. 150 km Sein\u00e4joelta)<\/li>\n\n\n\n<li>Kotisatama Family Assessment<\/li>\n\n\n\n<li>Working to end custody through family rehabilitation in the Kotisatama. The aim of this work is to reunite the family. <\/li>\n\n\n\n<li>Intensive family work in the Kotisatama<\/li>\n\n\n\n<li>Professional support person service at the Kotisatama <\/li>\n\n\n\n<li>Supported and supervised visiting services in the Sein\u00e4joki unit or in the client's home <\/li>\n<\/ul>\n\n\n\n<p>Kotisataman tiimin ty\u00f6nohjaajana toimii Johanna Perttil\u00e4. H\u00e4n on ratkaisukeskeinen psykoterapeutti, ty\u00f6nohjaaja ja voimavarasuuntautunut pari- ja perhepsykoterapeutti sek\u00e4<br>KM &amp; erityisluokanopettaja. <\/p>\n\n\n\n<p>Perhepalvelukeskus Kotisataman terapeuttin ty\u00f6ss\u00e4 ty\u00f6nohjaajana toimii Merita Kattelus. H\u00e4n on koulutukseltaan yksil\u00f6-, pari-, ja vaativan erityistason perhepsykoterapeutti sek\u00e4 ty\u00f6nohjaaja. H\u00e4nell\u00e4 on vuosikymmenten kokemus lastensuojelualan yritt\u00e4jyydest\u00e4, h\u00e4n on toiminut oman lastensuojelulaitoksen ja perhekuntoutusyksik\u00f6n toimitusjohtajana.<\/p>\n\n\n\n<p><\/p>\n\n\n\n<p>Contact us and ask for more information by email at <\/p>\n\n\n\n<p>kotisatama@perhepalvelukeskus.fi <\/p>\n\n\n\n<figure class=\"wp-block-image size-large\"><img loading=\"lazy\" decoding=\"async\" width=\"768\" height=\"1024\" src=\"https:\/\/www.perhepalvelukeskus.fi\/wp-content\/uploads\/2023\/11\/FullSizeRender-35-768x1024.jpg\" alt=\"\" class=\"wp-image-195\" srcset=\"https:\/\/www.perhepalvelukeskus.fi\/wp-content\/uploads\/2023\/11\/FullSizeRender-35-768x1024.jpg 768w, https:\/\/www.perhepalvelukeskus.fi\/wp-content\/uploads\/2023\/11\/FullSizeRender-35-225x300.jpg 225w, https:\/\/www.perhepalvelukeskus.fi\/wp-content\/uploads\/2023\/11\/FullSizeRender-35-1152x1536.jpg 1152w, https:\/\/www.perhepalvelukeskus.fi\/wp-content\/uploads\/2023\/11\/FullSizeRender-35-1536x2048.jpg 1536w, https:\/\/www.perhepalvelukeskus.fi\/wp-content\/uploads\/2023\/11\/FullSizeRender-35-scaled.jpg 1920w\" sizes=\"auto, (max-width: 768px) 100vw, 768px\" \/><\/figure>\n\n\n\n<figure class=\"wp-block-image size-large\"><img loading=\"lazy\" decoding=\"async\" width=\"1024\" height=\"548\" src=\"https:\/\/www.perhepalvelukeskus.fi\/wp-content\/uploads\/2023\/10\/Kotisatama.Perhepalvelukeskus-1024x548.png\" alt=\"\" class=\"wp-image-98\" srcset=\"https:\/\/www.perhepalvelukeskus.fi\/wp-content\/uploads\/2023\/10\/Kotisatama.Perhepalvelukeskus-1024x548.png 1024w, https:\/\/www.perhepalvelukeskus.fi\/wp-content\/uploads\/2023\/10\/Kotisatama.Perhepalvelukeskus-300x160.png 300w, https:\/\/www.perhepalvelukeskus.fi\/wp-content\/uploads\/2023\/10\/Kotisatama.Perhepalvelukeskus-768x411.png 768w, https:\/\/www.perhepalvelukeskus.fi\/wp-content\/uploads\/2023\/10\/Kotisatama.Perhepalvelukeskus.png 1236w\" sizes=\"auto, (max-width: 1024px) 100vw, 1024px\" \/><\/figure>\n\n\n\n<figure class=\"wp-block-image size-large\"><img loading=\"lazy\" decoding=\"async\" width=\"1024\" height=\"683\" src=\"https:\/\/www.perhepalvelukeskus.fi\/wp-content\/uploads\/2024\/08\/DSC_2318-1024x683.jpg\" alt=\"Perhekuntoutus \/ Sein\u00e4joki \/ Perhepalvelukeskus Kotisatama Oy \" class=\"wp-image-552\" srcset=\"https:\/\/www.perhepalvelukeskus.fi\/wp-content\/uploads\/2024\/08\/DSC_2318-1024x683.jpg 1024w, https:\/\/www.perhepalvelukeskus.fi\/wp-content\/uploads\/2024\/08\/DSC_2318-300x200.jpg 300w, https:\/\/www.perhepalvelukeskus.fi\/wp-content\/uploads\/2024\/08\/DSC_2318-768x512.jpg 768w, https:\/\/www.perhepalvelukeskus.fi\/wp-content\/uploads\/2024\/08\/DSC_2318-1536x1024.jpg 1536w, https:\/\/www.perhepalvelukeskus.fi\/wp-content\/uploads\/2024\/08\/DSC_2318.jpg 1620w\" sizes=\"auto, (max-width: 1024px) 100vw, 1024px\" \/><figcaption class=\"wp-element-caption\">Kotisatama team 06\/2024<\/figcaption><\/figure>\n<\/div>\n<\/div>\n\n\n\n<div style=\"height:100px\" aria-hidden=\"true\" class=\"wp-block-spacer\"><\/div>","protected":false},"excerpt":{"rendered":"<p>Perhekuntoutuksessa tarjotaan terapeuttista kuntouttavaa toimintaa koko perheelle suunnitellusti ja tavoitteellisesti. Sen tavoitteena on lasten kasvuolosuhteiden turvaaminen, vanhempien tukeminen kasvatusteht\u00e4v\u00e4ss\u00e4 ja perheen omien voimavarojen vahvistaminen. Perhekuntoutuksessa toteutuu my\u00f6s perheenj\u00e4senten v\u00e4lisen vuorovaikutuksen tukeminen erilaisin toiminnallisin menetelmin, arjen taitojen harjoittelu ja s\u00e4\u00e4nn\u00f6llisen p\u00e4iv\u00e4rytmin vakiinnuttaminen. N\u00e4m\u00e4 kaikki ovat koko perheen kuntoutuksen kulmakivi\u00e4. Ota rohkeasti meihin yhteytt\u00e4 0403648119, Kotisatama toimisto [&hellip;]<\/p>\n","protected":false},"author":1,"featured_media":0,"parent":0,"menu_order":0,"comment_status":"closed","ping_status":"closed","template":"","meta":{"site-sidebar-layout":"default","site-content-layout":"","ast-site-content-layout":"full-width-container","site-content-style":"default","site-sidebar-style":"default","ast-global-header-display":"","ast-banner-title-visibility":"","ast-main-header-display":"","ast-hfb-above-header-display":"","ast-hfb-below-header-display":"","ast-hfb-mobile-header-display":"","site-post-title":"disabled","ast-breadcrumbs-content":"","ast-featured-img":"","footer-sml-layout":"","ast-disable-related-posts":"","theme-transparent-header-meta":"","adv-header-id-meta":"","stick-header-meta":"","header-above-stick-meta":"","header-main-stick-meta":"","header-below-stick-meta":"","astra-migrate-meta-layouts":"","ast-page-background-enabled":"default","ast-page-background-meta":{"desktop":{"background-color":"var(--ast-global-color-4)","background-image":"","background-repeat":"repeat","background-position":"center center","background-size":"auto","background-attachment":"scroll","background-type":"","background-media":"","overlay-type":"","overlay-color":"","overlay-opacity":"","overlay-gradient":""},"tablet":{"background-color":"","background-image":"","background-repeat":"repeat","background-position":"center center","background-size":"auto","background-attachment":"scroll","background-type":"","background-media":"","overlay-type":"","overlay-color":"","overlay-opacity":"","overlay-gradient":""},"mobile":{"background-color":"","background-image":"","background-repeat":"repeat","background-position":"center center","background-size":"auto","background-attachment":"scroll","background-type":"","background-media":"","overlay-type":"","overlay-color":"","overlay-opacity":"","overlay-gradient":""}},"ast-content-background-meta":{"desktop":{"background-color":"var(--ast-global-color-5)","background-image":"","background-repeat":"repeat","background-position":"center center","background-size":"auto","background-attachment":"scroll","background-type":"","background-media":"","overlay-type":"","overlay-color":"","overlay-opacity":"","overlay-gradient":""},"tablet":{"background-color":"var(--ast-global-color-5)","background-image":"","background-repeat":"repeat","background-position":"center center","background-size":"auto","background-attachment":"scroll","background-type":"","background-media":"","overlay-type":"","overlay-color":"","overlay-opacity":"","overlay-gradient":""},"mobile":{"background-color":"var(--ast-global-color-5)","background-image":"","background-repeat":"repeat","background-position":"center center","background-size":"auto","background-attachment":"scroll","background-type":"","background-media":"","overlay-type":"","overlay-color":"","overlay-opacity":"","overlay-gradient":""}},"slim_seo":{"title":"Perhepalvelukeskus Kotisatama Oy - Perheiden parhaaksi","description":"Perhekuntoutuksessa tarjotaan terapeuttista kuntouttavaa toimintaa koko perheelle suunnitellusti ja tavoitteellisesti. Sen tavoitteena on lasten kasvuolosuhteid"},"footnotes":"[]"},"class_list":["post-13","page","type-page","status-publish","hentry"],"_links":{"self":[{"href":"https:\/\/www.perhepalvelukeskus.fi\/en\/wp-json\/wp\/v2\/pages\/13","targetHints":{"allow":["GET"]}}],"collection":[{"href":"https:\/\/www.perhepalvelukeskus.fi\/en\/wp-json\/wp\/v2\/pages"}],"about":[{"href":"https:\/\/www.perhepalvelukeskus.fi\/en\/wp-json\/wp\/v2\/types\/page"}],"author":[{"embeddable":true,"href":"https:\/\/www.perhepalvelukeskus.fi\/en\/wp-json\/wp\/v2\/users\/1"}],"replies":[{"embeddable":true,"href":"https:\/\/www.perhepalvelukeskus.fi\/en\/wp-json\/wp\/v2\/comments?post=13"}],"version-history":[{"count":224,"href":"https:\/\/www.perhepalvelukeskus.fi\/en\/wp-json\/wp\/v2\/pages\/13\/revisions"}],"predecessor-version":[{"id":757,"href":"https:\/\/www.perhepalvelukeskus.fi\/en\/wp-json\/wp\/v2\/pages\/13\/revisions\/757"}],"wp:attachment":[{"href":"https:\/\/www.perhepalvelukeskus.fi\/en\/wp-json\/wp\/v2\/media?parent=13"}],"curies":[{"name":"wp","href":"https:\/\/api.w.org\/{rel}","templated":true}]}}